{"id":95282,"date":"2026-03-26T22:46:11","date_gmt":"2026-03-26T21:46:11","guid":{"rendered":"https:\/\/pokemonfigurer.webgiantdemo.se\/figurer\/uncategorized\/pokemon-life-size-statue-pikachu-47-cm\/"},"modified":"2026-03-26T22:46:11","modified_gmt":"2026-03-26T21:46:11","slug":"pokemon-life-size-statue-pikachu-47-cm","status":"publish","type":"product","link":"https:\/\/figurer.webgiantdemo.se\/en\/figurer\/collectibles\/pokemon-life-size-statue-pikachu-47-cm\/","title":{"rendered":"Pok\u00e9mon Life-Size Statue Pikachu 47 cm"},"content":{"rendered":"<p>Pikachu, I choose you!<\/p>\n<p>Sideshow presents the Pikachu Life-Size Figure, the premiere reveal in our officially licensed Pok\u00e9mon collectibles series inspired by the world&#8217;s best-known Pok\u00e9mon.<\/p>\n<p>Based on the beloved Pok\u00e9mon&#8217;s animated appearance, this high-end life-size figure truly captures the cuteness and personality of the iconic Pikachu! The electric rodent stands on a grassy travel route, waiting to embark on an exciting new adventure. Will you be Pikachu&#8217;s Trainer?<\/p>\n<p>Scaled to realistic dimensions, the Pikachu Life-Size Figure measures 18.5&#8243; tall and 17.6&#8243; wide, with a 9.8&#8243; deep circular base. Polystone sculpture and vibrant colors accentuate authentic details like Pikachu&#8217;s smiling expression, red cheeks, and lightning bolt-shaped tail. This large collectible Pok\u00e9mon figure will make a stunning centerpiece for fans to enjoy wherever it is displayed.<\/p>\n<p>Pok\u00e9mon fans, spark your collection with the Pikachu Life-Size Figure by Sideshow today!<\/p>\n<p>Size: 47 x 45 x 25 cm<\/p>","protected":false},"excerpt":{"rendered":"<p>Pikachu, I choose you! Sideshow presents the Pikachu Life-Size Figure, the premiere reveal in our officially licensed Pok\u00e9mon collectibles series inspired by the world&#8217;s best-known Pok\u00e9mon. Based on the beloved Pok\u00e9mon&#8217;s animated appearance, this high-end life-size figure truly captures the\u2026<\/p>","protected":false},"featured_media":95283,"comment_status":"open","ping_status":"closed","template":"","meta":{"_acf_changed":false},"product_brand":[7717],"product_cat":[7729,7710,7748],"product_tag":[],"class_list":{"0":"post-95282","1":"product","2":"type-product","3":"status-publish","4":"has-post-thumbnail","6":"product_brand-sideshow-collectibles","7":"product_cat-collectibles","8":"product_cat-pokemon","9":"product_cat-statues","11":"first","12":"instock","13":"taxable","14":"shipping-taxable","15":"purchasable","16":"product-type-simple"},"acf":[],"_links":{"self":[{"href":"https:\/\/figurer.webgiantdemo.se\/en\/wp-json\/wp\/v2\/product\/95282","targetHints":{"allow":["GET"]}}],"collection":[{"href":"https:\/\/figurer.webgiantdemo.se\/en\/wp-json\/wp\/v2\/product"}],"about":[{"href":"https:\/\/figurer.webgiantdemo.se\/en\/wp-json\/wp\/v2\/types\/product"}],"replies":[{"embeddable":true,"href":"https:\/\/figurer.webgiantdemo.se\/en\/wp-json\/wp\/v2\/comments?post=95282"}],"wp:featuredmedia":[{"embeddable":true,"href":"https:\/\/figurer.webgiantdemo.se\/en\/wp-json\/wp\/v2\/media\/95283"}],"wp:attachment":[{"href":"https:\/\/figurer.webgiantdemo.se\/en\/wp-json\/wp\/v2\/media?parent=95282"}],"wp:term":[{"taxonomy":"product_brand","embeddable":true,"href":"https:\/\/figurer.webgiantdemo.se\/en\/wp-json\/wp\/v2\/product_brand?post=95282"},{"taxonomy":"product_cat","embeddable":true,"href":"https:\/\/figurer.webgiantdemo.se\/en\/wp-json\/wp\/v2\/product_cat?post=95282"},{"taxonomy":"product_tag","embeddable":true,"href":"https:\/\/figurer.webgiantdemo.se\/en\/wp-json\/wp\/v2\/product_tag?post=95282"}],"curies":[{"name":"wp","href":"https:\/\/api.w.org\/{rel}","templated":true}]}}